{"id":117,"date":"2022-09-26T08:25:55","date_gmt":"2022-09-26T08:25:55","guid":{"rendered":"https:\/\/consuladopoloniabaleares.com\/contacto"},"modified":"2023-10-20T10:36:31","modified_gmt":"2023-10-20T10:36:31","slug":"kontakt","status":"publish","type":"page","link":"https:\/\/consuladopoloniabaleares.com\/pl\/kontakt","title":{"rendered":"KONTAKT"},"content":{"rendered":"[vc_row type=&#8221;full_width_background&#8221; full_screen_row_position=&#8221;middle&#8221; column_margin=&#8221;default&#8221; equal_height=&#8221;yes&#8221; content_placement=&#8221;middle&#8221; column_direction=&#8221;default&#8221; column_direction_tablet=&#8221;default&#8221; column_direction_phone=&#8221;default&#8221; scene_position=&#8221;center&#8221; top_padding=&#8221;3%&#8221; constrain_group_1=&#8221;yes&#8221; bottom_padding=&#8221;3%&#8221; left_padding_desktop=&#8221;7%&#8221; right_padding_desktop=&#8221;7%&#8221; text_color=&#8221;dark&#8221; text_align=&#8221;left&#8221; row_border_radius=&#8221;none&#8221; row_border_radius_applies=&#8221;bg&#8221; overflow=&#8221;visible&#8221; advanced_gradient_angle=&#8221;0&#8243; overlay_strength=&#8221;0.3&#8243; gradient_direction=&#8221;left_to_right&#8221; shape_divider_position=&#8221;bottom&#8221; bg_image_animation=&#8221;none&#8221; gradient_type=&#8221;default&#8221; shape_type=&#8221;&#8221;][vc_column column_padding=&#8221;no-extra-padding&#8221; column_padding_tablet=&#8221;inherit&#8221; column_padding_phone=&#8221;inherit&#8221; column_padding_position=&#8221;all&#8221; column_element_direction_desktop=&#8221;default&#8221; column_element_spacing=&#8221;default&#8221; desktop_text_alignment=&#8221;default&#8221; tablet_text_alignment=&#8221;default&#8221; phone_text_alignment=&#8221;default&#8221; background_color_opacity=&#8221;1&#8243; background_hover_color_opacity=&#8221;1&#8243; column_backdrop_filter=&#8221;none&#8221; column_shadow=&#8221;none&#8221; column_border_radius=&#8221;none&#8221; column_link_target=&#8221;_self&#8221; column_position=&#8221;default&#8221; gradient_direction=&#8221;left_to_right&#8221; overlay_strength=&#8221;0.3&#8243; width=&#8221;1\/1&#8243; tablet_width_inherit=&#8221;default&#8221; animation_type=&#8221;default&#8221; bg_image_animation=&#8221;none&#8221; border_type=&#8221;simple&#8221; column_border_width=&#8221;none&#8221; column_border_style=&#8221;solid&#8221;][vc_column_text]\n<div class=\"et_pb_module et_pb_text et_pb_text_2 et_pb_text_align_left et_pb_bg_layout_light\">\n<div class=\"et_pb_text_inner\">\n<p style=\"text-align: center;\"><i class=\"icon-default-style iconsmind-Location-2 accent-color\"><\/i>\n<p style=\"text-align: center;\"><strong>Biuro obs\u0142ugi interesant\u00f3w i sekretariat<\/strong><br \/>\nCarrer dels\u00a0 Fideus, 3 &#8211; 07001 Palma<br \/>\n<a href=\"tel:0034971529933\">+34 971 529 933<\/a><\/p>\n<p style=\"text-align: center;\"><a href=\"tel:0034971529933\">+34 655 873 111<\/a><br \/>\n<a href=\"mailto:info@consuladopoloniabaleares.com\">info@consuladopoloniabaleares.com<\/a><\/p>\n<p style=\"text-align: center;\"><strong>Siedziba Konsulatu<\/strong><\/p>\n<p style=\"text-align: center;\"><a href=\"https:\/\/www.google.com\/maps\/place\/Carrer+dels+Fideus,+7,+07001+Palma,+Illes+Balears\/@39.5696432,2.6505301,20.05z\/data=!4m5!3m4!1s0x1297924fd16c4c51:0xe898a16f780d6834!8m2!3d39.5696355!4d2.6508229\" target=\"_blank\" rel=\"noopener\">Calle Fideus, 7 \u2013 Palma de Mallorca<\/a><br \/>\n07001 Palma de Mallorca<br \/>\nIslas Baleares \u2013 Espa\u00f1a<\/p>\n<\/div>\n<\/div>\n<div class=\"et_pb_module et_pb_text et_pb_text_3 et_pb_text_align_left et_pb_bg_layout_light\">\n<div class=\"et_pb_text_inner\">\n<p style=\"text-align: center;\"><i class=\"icon-default-style iconsmind-Smartphone-4 accent-color\"><\/i>\n<p style=\"text-align: center;\"><a href=\"tel:+34971529933\">+34 971 529 933<\/a><\/p>\n<p style=\"text-align: center;\"><a href=\"tel:+34971529933\">+34 655 873 111<\/a><\/p>\n<p style=\"text-align: center;\"><i class=\"icon-default-style iconsmind-Email accent-color\"><\/i>\n<a href=\"mailto:info@consuladopoloniabaleares.com\">info@consuladopoloniabaleares.com<\/a><\/p>\n<p style=\"text-align: center;\"><strong>Godziny pracy konsulatu: od poniedzia\u0142ku do pi\u0105tku w godzinach od 9.00 do 14.00.\u00a0<\/strong><\/p>\n<p style=\"text-align: center;\"><strong>Poza godzinami pracy konsulatu prosimy o kontakt mailowy na adres: <a href=\"mailto:info@consuladopoloniabaleares.com\">info@consuladopoloniabaleares.com<\/a><\/strong><strong>.<\/strong><\/p>\n<p style=\"text-align: center;\"><strong>W pozosta\u0142ych przypadkach, w sytuacjach nag\u0142ych, wymagaj\u0105cych pilnej interwencji\u00a0 prosimy kontaktowa\u0107 si\u0119 z Konsulatem Generalnym w Barcelonie, numer telefonu\u00a0 +34 607 735 740. <\/strong><\/p>\n<p style=\"text-align: center;\"><strong>W sprawach zwi\u0105zanych z utrat\u0105 dokument\u00f3w podr\u00f3\u017cy (Dow\u00f3d osobisty lub Paszport) prosimy kontaktowa\u0107 si\u0119 na numer telefonu:<\/strong><\/p>\n<p style=\"text-align: center;\"><strong>+34 933 227 234 <\/strong><\/p>\n<p style=\"text-align: center;\"><strong>lub na numer alarmowy<\/strong><\/p>\n<p style=\"text-align: center;\"><strong> +34 607 735 740<\/strong><\/p>\n<p style=\"text-align: center;\"><strong>W sytuacjach nag\u0142ych, wymagaj\u0105cych pilnej interwencji konsularnej mo\u017cliwy jest kontakt pod numerem telefonu:<\/strong><\/p>\n<p style=\"text-align: center;\"><strong>+34 607 735 740<\/strong><\/p>\n<p style=\"text-align: center;\"><strong> (tylko nag\u0142e wypadki losowe np. wypadek, zgon, aresztowanie, napad).<\/strong><\/p>\n<\/div>\n<\/div>\n[\/vc_column_text][\/vc_column][\/vc_row][vc_row type=&#8221;full_width_content&#8221; full_screen_row_position=&#8221;middle&#8221; column_margin=&#8221;default&#8221; column_direction=&#8221;default&#8221; column_direction_tablet=&#8221;default&#8221; column_direction_phone=&#8221;default&#8221; bg_color=&#8221;#ffffff&#8221; scene_position=&#8221;center&#8221; text_color=&#8221;dark&#8221; text_align=&#8221;left&#8221; row_border_radius=&#8221;none&#8221; row_border_radius_applies=&#8221;bg&#8221; overflow=&#8221;visible&#8221; id=&#8221;philosophy&#8221; overlay_strength=&#8221;0.3&#8243; gradient_direction=&#8221;left_to_right&#8221; shape_divider_position=&#8221;bottom&#8221; bg_image_animation=&#8221;none&#8221; shape_type=&#8221;&#8221;][vc_column column_padding=&#8221;no-extra-padding&#8221; column_padding_tablet=&#8221;inherit&#8221; column_padding_phone=&#8221;inherit&#8221; column_padding_position=&#8221;all&#8221; column_element_direction_desktop=&#8221;default&#8221; column_element_spacing=&#8221;default&#8221; desktop_text_alignment=&#8221;default&#8221; tablet_text_alignment=&#8221;default&#8221; phone_text_alignment=&#8221;default&#8221; background_color_opacity=&#8221;1&#8243; background_hover_color_opacity=&#8221;1&#8243; column_backdrop_filter=&#8221;none&#8221; column_shadow=&#8221;none&#8221; column_border_radius=&#8221;none&#8221; column_link_target=&#8221;_blank&#8221; column_position=&#8221;default&#8221; advanced_gradient_angle=&#8221;0&#8243; gradient_direction=&#8221;left_to_right&#8221; overlay_strength=&#8221;0.3&#8243; width=&#8221;1\/1&#8243; tablet_width_inherit=&#8221;default&#8221; animation_type=&#8221;default&#8221; bg_image_animation=&#8221;none&#8221; border_type=&#8221;simple&#8221; column_border_width=&#8221;none&#8221; column_border_style=&#8221;solid&#8221; column_link=&#8221;https:\/\/www.google.com\/maps\/place\/Carrer+dels+Fideus,+7,+07001+Palma,+Illes+Balears\/@39.5696432,2.6505301,20.05z\/data=!4m5!3m4!1s0x1297924fd16c4c51:0xe898a16f780d6834!8m2!3d39.5696355!4d2.6508229&#8243; gradient_type=&#8221;default&#8221; column_padding_type=&#8221;default&#8221;][nectar_gmap map_type=&#8221;leaflet&#8221; zoom=&#8221;17&#8243; marker_style=&#8221;nectar&#8221; color=&#8221;extra-color-1&#8243; leaflet_map_greyscale=&#8221;1&#8243; size=&#8221;400&#8243; map_center_lat=&#8221;39.56963174174615&#8243; map_center_lng=&#8221;2.6508231295060645&#8243; map_markers=&#8221;39.56963174174615|2.6508231295060645&#8243;][\/vc_column][\/vc_row]\n","protected":false},"excerpt":{"rendered":"<p>[vc_row type=&#8221;full_width_background&#8221; full_screen_row_position=&#8221;middle&#8221; column_margin=&#8221;default&#8221; equal_height=&#8221;yes&#8221; content_placement=&#8221;middle&#8221; column_direction=&#8221;default&#8221; column_direction_tablet=&#8221;default&#8221; column_direction_phone=&#8221;default&#8221; scene_position=&#8221;center&#8221; top_padding=&#8221;3%&#8221; constrain_group_1=&#8221;yes&#8221; bottom_padding=&#8221;3%&#8221; left_padding_desktop=&#8221;7%&#8221; right_padding_desktop=&#8221;7%&#8221; text_color=&#8221;dark&#8221; text_align=&#8221;left&#8221; row_border_radius=&#8221;none&#8221; row_border_radius_applies=&#8221;bg&#8221; overflow=&#8221;visible&#8221; advanced_gradient_angle=&#8221;0&#8243; overlay_strength=&#8221;0.3&#8243; gradient_direction=&#8221;left_to_right&#8221; shape_divider_position=&#8221;bottom&#8221; bg_image_animation=&#8221;none&#8221;&#8230;<\/p>\n","protected":false},"author":1,"featured_media":0,"parent":0,"menu_order":0,"comment_status":"closed","ping_status":"closed","template":"","meta":{"footnotes":""},"class_list":["post-117","page","type-page","status-publish"],"_links":{"self":[{"href":"https:\/\/consuladopoloniabaleares.com\/pl\/wp-json\/wp\/v2\/pages\/117","targetHints":{"allow":["GET"]}}],"collection":[{"href":"https:\/\/consuladopoloniabaleares.com\/pl\/wp-json\/wp\/v2\/pages"}],"about":[{"href":"https:\/\/consuladopoloniabaleares.com\/pl\/wp-json\/wp\/v2\/types\/page"}],"author":[{"embeddable":true,"href":"https:\/\/consuladopoloniabaleares.com\/pl\/wp-json\/wp\/v2\/users\/1"}],"replies":[{"embeddable":true,"href":"https:\/\/consuladopoloniabaleares.com\/pl\/wp-json\/wp\/v2\/comments?post=117"}],"version-history":[{"count":13,"href":"https:\/\/consuladopoloniabaleares.com\/pl\/wp-json\/wp\/v2\/pages\/117\/revisions"}],"predecessor-version":[{"id":606,"href":"https:\/\/consuladopoloniabaleares.com\/pl\/wp-json\/wp\/v2\/pages\/117\/revisions\/606"}],"wp:attachment":[{"href":"https:\/\/consuladopoloniabaleares.com\/pl\/wp-json\/wp\/v2\/media?parent=117"}],"curies":[{"name":"wp","href":"https:\/\/api.w.org\/{rel}","templated":true}]}}