{"id":124,"date":"2022-09-26T08:31:15","date_gmt":"2022-09-26T08:31:15","guid":{"rendered":"https:\/\/consuladopoloniabaleares.com\/gestiones-consulares"},"modified":"2023-11-08T10:21:03","modified_gmt":"2023-11-08T10:21:03","slug":"sprawy-konsularne","status":"publish","type":"page","link":"https:\/\/consuladopoloniabaleares.com\/pl\/sprawy-konsularne","title":{"rendered":"SPRAWY KONSULARNE"},"content":{"rendered":"[vc_row type=&#8221;full_width_content&#8221; full_screen_row_position=&#8221;middle&#8221; column_margin=&#8221;default&#8221; equal_height=&#8221;yes&#8221; content_placement=&#8221;middle&#8221; column_direction=&#8221;default&#8221; column_direction_tablet=&#8221;default&#8221; column_direction_phone=&#8221;default&#8221; bg_color=&#8221;#ffffff&#8221; scene_position=&#8221;center&#8221; text_color=&#8221;dark&#8221; text_align=&#8221;left&#8221; row_border_radius=&#8221;none&#8221; row_border_radius_applies=&#8221;bg&#8221; overflow=&#8221;visible&#8221; overlay_strength=&#8221;0.3&#8243; gradient_direction=&#8221;left_to_right&#8221; shape_divider_position=&#8221;bottom&#8221; bg_image_animation=&#8221;none&#8221; gradient_type=&#8221;default&#8221; shape_type=&#8221;&#8221;][vc_column column_padding=&#8221;padding-10-percent&#8221; column_padding_tablet=&#8221;inherit&#8221; column_padding_phone=&#8221;inherit&#8221; column_padding_position=&#8221;all&#8221; column_element_direction_desktop=&#8221;default&#8221; column_element_spacing=&#8221;default&#8221; desktop_text_alignment=&#8221;default&#8221; tablet_text_alignment=&#8221;default&#8221; phone_text_alignment=&#8221;default&#8221; background_color_opacity=&#8221;1&#8243; background_hover_color_opacity=&#8221;1&#8243; column_backdrop_filter=&#8221;none&#8221; column_shadow=&#8221;none&#8221; column_border_radius=&#8221;none&#8221; column_link_target=&#8221;_self&#8221; column_position=&#8221;default&#8221; gradient_direction=&#8221;left_to_right&#8221; overlay_strength=&#8221;0.3&#8243; width=&#8221;1\/2&#8243; tablet_width_inherit=&#8221;default&#8221; animation_type=&#8221;default&#8221; bg_image_animation=&#8221;none&#8221; border_type=&#8221;simple&#8221; column_border_width=&#8221;none&#8221; column_border_style=&#8221;solid&#8221; column_padding_type=&#8221;default&#8221; gradient_type=&#8221;default&#8221;][vc_column_text][\/vc_column_text][vc_column_text]Autonomiczny region Balear\u00f3w podlega pod okr\u0119g konsularny Konsulatu Generalnego Rzeczypospolitej Polskiej w Barcelonie.<\/p>\n<p>Zgodnie z polskimi przepisami, konsulowie honorowi nie s\u0105 uprawnieni do po\u015brednictwa w sprawach urz\u0119dowych. Oznacza to, i\u017c nie mog\u0105 przyjmowa\u0107 wniosk\u00f3w o wydanie paszportu, dowodu czy jakiegokolwiek innego polskiego dokumentu, nie mog\u0105 wystawia\u0107 dokument\u00f3w to\u017csamo\u015bci, za\u015bwiadcze\u0144 dotycz\u0105cych danych osobowych, uwierzytelnia\u0107 (legalizowa\u0107) dokument\u00f3w ani te\u017c wykonywa\u0107 czynno\u015bci notarialnych, takich jak potwierdzanie zgodno\u015bci podpisu na dokumentach czy potwierdzenie zgodno\u015bci kopii z orygina\u0142em.<\/p>\n<p>W zwi\u0105zku z czym, wszelkie sprawy urz\u0119dowe i losowe prosimy kierowa\u0107 do Konsulatu Generalnego RP w Barcelonie<\/p>\n<p>adres: Av. Diagonal 593-595; 08014 Barcelona<br \/>\ntelefon:\u00a0+34 930 260 700<\/p>\n<p><strong><a href=\"https:\/\/www.gov.pl\/web\/espana\" target=\"_blank\" rel=\"noopener\">https:\/\/www.gov.pl\/web\/espana<\/a><\/strong>[\/vc_column_text][\/vc_column][\/vc_row][vc_row type=&#8221;full_width_content&#8221; full_screen_row_position=&#8221;middle&#8221; column_margin=&#8221;default&#8221; equal_height=&#8221;yes&#8221; content_placement=&#8221;middle&#8221; column_direction=&#8221;default&#8221; column_direction_tablet=&#8221;default&#8221; column_direction_phone=&#8221;default&#8221; bg_color=&#8221;#ffffff&#8221; scene_position=&#8221;center&#8221; text_color=&#8221;dark&#8221; text_align=&#8221;left&#8221; row_border_radius=&#8221;none&#8221; row_border_radius_applies=&#8221;bg&#8221; overflow=&#8221;visible&#8221; overlay_strength=&#8221;0.3&#8243; gradient_direction=&#8221;left_to_right&#8221; shape_divider_position=&#8221;bottom&#8221; bg_image_animation=&#8221;none&#8221;][vc_column column_padding=&#8221;no-extra-padding&#8221; column_padding_tablet=&#8221;inherit&#8221; column_padding_phone=&#8221;inherit&#8221; column_padding_position=&#8221;all&#8221; column_element_direction_desktop=&#8221;default&#8221; column_element_spacing=&#8221;default&#8221; desktop_text_alignment=&#8221;default&#8221; tablet_text_alignment=&#8221;default&#8221; phone_text_alignment=&#8221;default&#8221; background_color_opacity=&#8221;1&#8243; background_hover_color_opacity=&#8221;1&#8243; background_image=&#8221;72&#8243; background_image_position=&#8221;center center&#8221; background_image_stacking=&#8221;default&#8221; enable_bg_scale=&#8221;true&#8221; background_image_loading=&#8221;default&#8221; column_backdrop_filter=&#8221;none&#8221; column_shadow=&#8221;none&#8221; column_border_radius=&#8221;none&#8221; column_link_target=&#8221;_self&#8221; column_position=&#8221;default&#8221; gradient_direction=&#8221;left_to_right&#8221; overlay_strength=&#8221;0.3&#8243; width=&#8221;1\/2&#8243; tablet_width_inherit=&#8221;default&#8221; animation_type=&#8221;default&#8221; bg_image_animation=&#8221;none&#8221; border_type=&#8221;simple&#8221; column_border_width=&#8221;none&#8221; column_border_style=&#8221;solid&#8221; column_padding_type=&#8221;default&#8221; gradient_type=&#8221;default&#8221; offset=&#8221;vc_hidden-sm vc_hidden-xs&#8221;][divider line_type=&#8221;No Line&#8221; custom_height=&#8221;250&#8243;][\/vc_column][vc_column column_padding=&#8221;padding-10-percent&#8221; column_padding_tablet=&#8221;inherit&#8221; column_padding_phone=&#8221;inherit&#8221; column_padding_position=&#8221;all&#8221; column_element_direction_desktop=&#8221;default&#8221; column_element_spacing=&#8221;default&#8221; desktop_text_alignment=&#8221;default&#8221; tablet_text_alignment=&#8221;default&#8221; phone_text_alignment=&#8221;default&#8221; background_color_opacity=&#8221;1&#8243; background_hover_color_opacity=&#8221;1&#8243; column_backdrop_filter=&#8221;none&#8221; column_shadow=&#8221;none&#8221; column_border_radius=&#8221;none&#8221; column_link_target=&#8221;_self&#8221; column_position=&#8221;default&#8221; gradient_direction=&#8221;left_to_right&#8221; overlay_strength=&#8221;0.3&#8243; width=&#8221;1\/2&#8243; tablet_width_inherit=&#8221;default&#8221; animation_type=&#8221;default&#8221; bg_image_animation=&#8221;none&#8221; border_type=&#8221;simple&#8221; column_border_width=&#8221;none&#8221; column_border_style=&#8221;solid&#8221; column_padding_type=&#8221;default&#8221; gradient_type=&#8221;default&#8221;][vc_column_text]Konsul honorowy zobowi\u0105zuje si\u0119 do rzetelnego wykonywania swoich obowi\u0105zk\u00f3w i pe\u0142nienia funkcji, w sk\u0142ad kt\u00f3rych wchodz\u0105 asystowanie konsulowi generalnemu, a co za tym idzie s\u0142u\u017cba dla kraju, zgodnie z funkcjami opisanymi w Konwencji Wiede\u0144skiej dotycz\u0105cej Stosunk\u00f3w Dyplomatycznych z 18 kwietnia 1961 roku, kt\u00f3ra wesz\u0142a w \u017cycie 24 kwietnia 1964 roku. Mowa r\u00f3wnie\u017c o funkcjach, kt\u00f3re ustala si\u0119 ustnie z Ambasad\u0105.<\/p>\n<p>W szczeg\u00f3lno\u015bci konsul honorowy zajmie si\u0119:<\/p>\n<ol>\n<li>Ochron\u0105 praw i interes\u00f3w Rzeczypospolitej Polskiej i jej obywateli na terenie kraju przyjmuj\u0105cego.<\/li>\n<li>Wspieraniem przyjaznych relacji i wsp\u00f3\u0142pracy mi\u0119dzy Polsk\u0105 a krajem przyjmuj\u0105cym.<\/li>\n<li>Wspieraniem wi\u0119zi mi\u0119dzy Polsk\u0105 i obywatelami polskimi, osobami pochodzenia polskiego i osobami, kt\u00f3re deklaruj\u0105 przynale\u017cno\u015b\u0107 do narodu polskiego, a przebywaj\u0105 na terenie kraju przyjmuj\u0105cego.<\/li>\n<li>Pog\u0142\u0119bianiem wsp\u00f3\u0142pracy gospodarczej, naukowej, technicznej i kulturalnej mi\u0119dzy Rzecz\u0105pospolit\u0105 Polsk\u0105 i krajem przyjmuj\u0105cym, jak r\u00f3wnie\u017c podwy\u017csza\u0107 poziom gospodarczy, naukowy, znajomo\u015bci kultury polskiej i j\u0119zyka polskiego.<\/li>\n<li>Konsul honorowy pe\u0142ni swoje funkcje konsula bez powodowania konfliktu interes\u00f3w mi\u0119dzy wykonywaniem zada\u0144 konsula a dzia\u0142alno\u015bci\u0105 zawodow\u0105.<\/li>\n<\/ol>\n[\/vc_column_text][\/vc_column][\/vc_row]\n","protected":false},"excerpt":{"rendered":"<p>[vc_row type=&#8221;full_width_content&#8221; full_screen_row_position=&#8221;middle&#8221; column_margin=&#8221;default&#8221; equal_height=&#8221;yes&#8221; content_placement=&#8221;middle&#8221; column_direction=&#8221;default&#8221; column_direction_tablet=&#8221;default&#8221; column_direction_phone=&#8221;default&#8221; bg_color=&#8221;#ffffff&#8221; scene_position=&#8221;center&#8221; text_color=&#8221;dark&#8221; text_align=&#8221;left&#8221; row_border_radius=&#8221;none&#8221; row_border_radius_applies=&#8221;bg&#8221; overflow=&#8221;visible&#8221; overlay_strength=&#8221;0.3&#8243; gradient_direction=&#8221;left_to_right&#8221; shape_divider_position=&#8221;bottom&#8221; bg_image_animation=&#8221;none&#8221; gradient_type=&#8221;default&#8221; shape_type=&#8221;&#8221;][vc_column column_padding=&#8221;padding-10-percent&#8221; column_padding_tablet=&#8221;inherit&#8221; column_padding_phone=&#8221;inherit&#8221;&#8230;<\/p>\n","protected":false},"author":1,"featured_media":0,"parent":0,"menu_order":0,"comment_status":"closed","ping_status":"closed","template":"","meta":{"footnotes":""},"class_list":["post-124","page","type-page","status-publish"],"_links":{"self":[{"href":"https:\/\/consuladopoloniabaleares.com\/pl\/wp-json\/wp\/v2\/pages\/124","targetHints":{"allow":["GET"]}}],"collection":[{"href":"https:\/\/consuladopoloniabaleares.com\/pl\/wp-json\/wp\/v2\/pages"}],"about":[{"href":"https:\/\/consuladopoloniabaleares.com\/pl\/wp-json\/wp\/v2\/types\/page"}],"author":[{"embeddable":true,"href":"https:\/\/consuladopoloniabaleares.com\/pl\/wp-json\/wp\/v2\/users\/1"}],"replies":[{"embeddable":true,"href":"https:\/\/consuladopoloniabaleares.com\/pl\/wp-json\/wp\/v2\/comments?post=124"}],"version-history":[{"count":19,"href":"https:\/\/consuladopoloniabaleares.com\/pl\/wp-json\/wp\/v2\/pages\/124\/revisions"}],"predecessor-version":[{"id":677,"href":"https:\/\/consuladopoloniabaleares.com\/pl\/wp-json\/wp\/v2\/pages\/124\/revisions\/677"}],"wp:attachment":[{"href":"https:\/\/consuladopoloniabaleares.com\/pl\/wp-json\/wp\/v2\/media?parent=124"}],"curies":[{"name":"wp","href":"https:\/\/api.w.org\/{rel}","templated":true}]}}